{"id":15,"date":"2015-02-13T11:55:34","date_gmt":"2015-02-13T10:55:34","guid":{"rendered":"http:\/\/www.stages-gestalt.fr\/?page_id=15"},"modified":"2025-07-23T12:29:30","modified_gmt":"2025-07-23T10:29:30","slug":"les-therapeutes","status":"publish","type":"page","link":"http:\/\/www.stages-gestalt.fr\/?page_id=15","title":{"rendered":"Les Th\u00e9rapeutes"},"content":{"rendered":"\n<h3 class=\"wp-block-heading\">Manon van Woensel<\/h3>\n\n\n<div class=\"wp-block-image\">\n<figure class=\"alignleft size-large is-resized\"><img loading=\"lazy\" decoding=\"async\" width=\"761\" height=\"1024\" src=\"http:\/\/www.stages-gestalt.fr\/wp-content\/uploads\/2025\/01\/Manon-bis-761x1024.jpeg\" alt=\"\" class=\"wp-image-508\" style=\"width:144px;height:auto\" srcset=\"http:\/\/www.stages-gestalt.fr\/wp-content\/uploads\/2025\/01\/Manon-bis-761x1024.jpeg 761w, http:\/\/www.stages-gestalt.fr\/wp-content\/uploads\/2025\/01\/Manon-bis-223x300.jpeg 223w, http:\/\/www.stages-gestalt.fr\/wp-content\/uploads\/2025\/01\/Manon-bis-768x1033.jpeg 768w, http:\/\/www.stages-gestalt.fr\/wp-content\/uploads\/2025\/01\/Manon-bis-1142x1536.jpeg 1142w, http:\/\/www.stages-gestalt.fr\/wp-content\/uploads\/2025\/01\/Manon-bis-624x839.jpeg 624w, http:\/\/www.stages-gestalt.fr\/wp-content\/uploads\/2025\/01\/Manon-bis.jpeg 1278w\" sizes=\"auto, (max-width: 761px) 100vw, 761px\" \/><\/figure><\/div>\n\n\n<p>Gestalt-th\u00e9rapeute, une exp\u00e9rience de bient\u00f4t 30 ans<br>Anciennement formatrice \u00e0 l&rsquo;\u00c9cole Parisienne de Gestalt<br>Superviseure<br>Parle allemand, anglais et n\u00e9erlandais<br>Membre titulaire de la Soci\u00e9t\u00e9 Fran\u00e7aise de Gestalt.<br>Titulaire du Certificat Europ\u00e9en de Psychoth\u00e9rapie.<\/p>\n\n\n\n<p>Adresse professionnelle :<br>190 Rue Ninou Schwartz &#8211; 30000 N\u00eemes &#8211; T\u00e9l.: 06 71 58 93 21<\/p>\n\n\n\n<pre class=\"wp-block-preformatted\">Je pense avoir une bonne exp\u00e9rience des processus humains. J'essaye de voir et ressentir ce qui n'est pas encore l\u00e0\u2026 mais qui&nbsp; se montre\u2026 \u00e0 l'insu de la personne. On me dit audacieuse dans les exp\u00e9rimentations que je propose, mais je fais de mon mieux pour toujours respecter ce qui est possible pour la personne accompagn\u00e9e, et d'avoir autant de pr\u00e9venance que possible dans mes interventions. Des mots qui racontent des histoires, qui ouvrent le c\u0153ur et l'esprit, qui relient \u00e0 la ronde des&nbsp; femmes et des hommes. Sans oublier ni n\u00e9gliger la l\u00e9g\u00e8ret\u00e9 et l'humour, la profondeur et l'intime dans les travers\u00e9es qui se pr\u00e9sentent. Enfin, je t\u00e2che de toujours rester mobile dans ma posture, puisant dans mon exp\u00e9rience les ajustements n\u00e9cessaires \u00e0 la danse du contact.<br><\/pre>\n\n\n\n<h3 class=\"wp-block-heading\"><\/h3>\n\n\n\n<h3 class=\"wp-block-heading\">Karen Portal<\/h3>\n\n\n<div class=\"wp-block-image\">\n<figure class=\"alignleft size-full is-resized\"><img loading=\"lazy\" decoding=\"async\" width=\"386\" height=\"492\" src=\"http:\/\/www.stages-gestalt.fr\/wp-content\/uploads\/2025\/01\/Karen.png\" alt=\"\" class=\"wp-image-498\" style=\"width:142px;height:auto\" srcset=\"http:\/\/www.stages-gestalt.fr\/wp-content\/uploads\/2025\/01\/Karen.png 386w, http:\/\/www.stages-gestalt.fr\/wp-content\/uploads\/2025\/01\/Karen-235x300.png 235w\" sizes=\"auto, (max-width: 386px) 100vw, 386px\" \/><\/figure><\/div>\n\n\n<p><\/p>\n\n\n\n<p>Gestalt praticienne depuis 7 ans <br>Certifi\u00e9e par l&rsquo;Ecole Parisienne de Gestalt<br>Membre du Coll\u00e8ge Europ\u00e9en de Gestalt-th\u00e9rapie (CEG-t), Signataire du code de d\u00e9ontologie<br>Participe au fonctionnement du <a href=\"https:\/\/gestalt-auvergne.wixsite.com\/cogea\" target=\"_blank\" rel=\"noreferrer noopener\">Cogea<\/a> (COllectif GEsalt Auvergne).<\/p>\n\n\n\n<p>Adresse professionnelle :<br>42 Bd Vercing\u00e9torix &#8211; 43100 Brioude &#8211; T\u00e9l.: 06 63 89 27 22<\/p>\n\n\n\n<pre class=\"wp-block-preformatted\">Une formation universitaire en psychologie, une pratique professionnelle en milieu m\u00e9dicalis\u00e9, une p\u00e9riode en entreprise et un chemin de vie personnel m\u2019ont amen\u00e9 \u00e0 la Gestalt th\u00e9rapie.<br>L\u2019\u00eatre humain me passionne et m\u2019a toujours fascin\u00e9 pour sa diversit\u00e9 et son pouvoir cr\u00e9ateur.<br>La nature, le vivant viennent colorer mon \u00eatre th\u00e9rapeutique. <br>J\u2019accompagne en individuel et en groupe toute personne d\u00e9sirant vivre l\u2019aventure de la connaissance de soi. Pr\u00e9sente avec mon corps, mon coeur et mon esprit, j'ouvre avec vous un chemin de croissance pour plus de conscience.<br><br><em>\"Une Psychoth\u00e9rapie ne tente pas de changer une personne, mais l\u2019am\u00e8ne \u00e0 devenir ce qu\u2019elle est.\"<\/em><\/pre>\n\n\n\n<p><\/p>\n","protected":false},"excerpt":{"rendered":"<p>Manon van Woensel Gestalt-th\u00e9rapeute, une exp\u00e9rience de bient\u00f4t 30 ansAnciennement formatrice \u00e0 l&rsquo;\u00c9cole Parisienne de GestaltSuperviseureParle allemand, anglais et n\u00e9erlandaisMembre titulaire de la Soci\u00e9t\u00e9 Fran\u00e7aise de Gestalt.Titulaire du Certificat Europ\u00e9en [&hellip;]<\/p>\n","protected":false},"author":1,"featured_media":0,"parent":0,"menu_order":0,"comment_status":"closed","ping_status":"closed","template":"","meta":{"footnotes":""},"class_list":["post-15","page","type-page","status-publish","hentry"],"_links":{"self":[{"href":"http:\/\/www.stages-gestalt.fr\/index.php?rest_route=\/wp\/v2\/pages\/15","targetHints":{"allow":["GET"]}}],"collection":[{"href":"http:\/\/www.stages-gestalt.fr\/index.php?rest_route=\/wp\/v2\/pages"}],"about":[{"href":"http:\/\/www.stages-gestalt.fr\/index.php?rest_route=\/wp\/v2\/types\/page"}],"author":[{"embeddable":true,"href":"http:\/\/www.stages-gestalt.fr\/index.php?rest_route=\/wp\/v2\/users\/1"}],"replies":[{"embeddable":true,"href":"http:\/\/www.stages-gestalt.fr\/index.php?rest_route=%2Fwp%2Fv2%2Fcomments&post=15"}],"version-history":[{"count":29,"href":"http:\/\/www.stages-gestalt.fr\/index.php?rest_route=\/wp\/v2\/pages\/15\/revisions"}],"predecessor-version":[{"id":536,"href":"http:\/\/www.stages-gestalt.fr\/index.php?rest_route=\/wp\/v2\/pages\/15\/revisions\/536"}],"wp:attachment":[{"href":"http:\/\/www.stages-gestalt.fr\/index.php?rest_route=%2Fwp%2Fv2%2Fmedia&parent=15"}],"curies":[{"name":"wp","href":"https:\/\/api.w.org\/{rel}","templated":true}]}}