{"id":33,"date":"2015-02-13T12:17:47","date_gmt":"2015-02-13T11:17:47","guid":{"rendered":"http:\/\/www.stages-gestalt.fr\/?page_id=33"},"modified":"2025-01-25T22:01:04","modified_gmt":"2025-01-25T21:01:04","slug":"bienvenue","status":"publish","type":"page","link":"http:\/\/www.stages-gestalt.fr\/","title":{"rendered":"Bienvenue"},"content":{"rendered":"<h1><span style=\"color: #ff9900;\"><strong><em>\u00ab\u00a0Lose your mind and come to your senses !\u00a0\u00bb<\/em><\/strong> \u00a0<\/span><\/h1>\n<h5><span style=\"color: #003366;\"><strong><em>(\u00ab\u00a0L\u00e2chez le mental et revenez \u00e0 vos sensations !\u00a0\u00bb<\/em>) <\/strong>\u00a0 \u00a0 \u00a0 \u00a0 \u00a0 \u00a0 \u00a0 \u00a0 \u00a0 \u00a0 \u00a0 \u00a0 \u00a0 \u00a0 \u00a0 \u00a0 \u00a0 \u00a0 \u00a0 \u00a0 \u00a0 \u00a0 \u00a0 \u00a0 \u00a0 \u00a0 \u00a0 \u00a0 \u00a0 \u00a0 \u00a0 \u00a0 \u00a0\u00a0<\/span><\/h5>\n<p><span style=\"color: #000080;\">Ainsi clamait Perls, le fondateur de la Gestalt-th\u00e9rapie&#8230;<\/span><\/p>\n<p><span style=\"color: #000080;\">La Gestalt vous invite \u00e0 retrouver vos sensations et \u00e9motions &#8211; bref, votre corps ! En outre, \u00e0 travers un travail de prise de conscience de vos introjects (autrement dit de vos croyances ou repr\u00e9sentations) &#8211; qui dirigent votre vie malgr\u00e9 vous &#8211; de vos \u00ab\u00a0ajustements conservateurs\u00a0\u00bb &#8211; qui vous poussent dans des r\u00e9p\u00e9titions souvent pas souhait\u00e9es &#8211; et par l&rsquo;exploration de vos polarit\u00e9s, du nouveau devient enfin possible. Des \u00ab\u00a0ajustements cr\u00e9ateurs\u00a0\u00bb (et cr\u00e9atifs !) se font sentir, vous (re)devenez petit \u00e0 petit acteur de votre vie et vous vous \u00e9panouissez d&rsquo;avantage.<\/span><\/p>\n<p><span style=\"color: #000080;\">Le stage<\/span><span style=\"color: #ff0000;\"> VOYAGE AU-DELA DE LA CONSCIENCE<\/span><span style=\"color: #000080;\"> n\u00e9cessite une exp\u00e9rience soit avec la Gestalt, soit avec un autre travail de d\u00e9veloppement personnel vous impliquant de mani\u00e8re cons\u00e9quente (respiration, Tantra&#8230;). En 2025 ce stage aura lieu \u00e0 deux reprises : lors du weekend de l&rsquo;Ascension, au mois de mai, et au mois d&rsquo;octobre. Vous trouverez tous les renseignements plus loin.<br \/><\/span><\/p>\n<p><span style=\"color: #000080;\">Il s&rsquo;agit d&rsquo;un stage th\u00e9rapeutique, vous pouvez y participer sous r\u00e9serve d&rsquo;un entretien, en face \u00e0 face ou t\u00e9l\u00e9phonique, avec l&rsquo;une des th\u00e9rapeutes.<\/span><\/p>\n<pre><span style=\"color: #333399;\"><em><strong>                                        La Gestalt vous rend libre,<\/strong> <\/em>\n<em><strong>                                        Libre d'\u00eatre qui vous \u00eates au fond, <\/strong> <\/em>\n<em><strong>                                        Libre de d\u00e9ployer tout votre potentiel, \u00a0<\/strong><\/em>\n<em><strong>                                        Libre de choisir, de dire oui, de dire non,<\/strong><\/em>\n<em><strong>                                        Dans le respect de soi et de l'autre.<\/strong><\/em><\/span><\/pre>\n<hr \/>\n<p><span style=\"color: #000080;\">Bonne visite !<\/span><\/p>\n\n\n<p><\/p>\n","protected":false},"excerpt":{"rendered":"<p>\u00ab\u00a0Lose your mind and come to your senses !\u00a0\u00bb \u00a0 (\u00ab\u00a0L\u00e2chez le mental et revenez \u00e0 vos sensations !\u00a0\u00bb) \u00a0 \u00a0 \u00a0 \u00a0 \u00a0 \u00a0 \u00a0 \u00a0 \u00a0 \u00a0 \u00a0 [&hellip;]<\/p>\n","protected":false},"author":1,"featured_media":0,"parent":0,"menu_order":0,"comment_status":"closed","ping_status":"closed","template":"","meta":{"footnotes":""},"class_list":["post-33","page","type-page","status-publish","hentry"],"_links":{"self":[{"href":"http:\/\/www.stages-gestalt.fr\/index.php?rest_route=\/wp\/v2\/pages\/33","targetHints":{"allow":["GET"]}}],"collection":[{"href":"http:\/\/www.stages-gestalt.fr\/index.php?rest_route=\/wp\/v2\/pages"}],"about":[{"href":"http:\/\/www.stages-gestalt.fr\/index.php?rest_route=\/wp\/v2\/types\/page"}],"author":[{"embeddable":true,"href":"http:\/\/www.stages-gestalt.fr\/index.php?rest_route=\/wp\/v2\/users\/1"}],"replies":[{"embeddable":true,"href":"http:\/\/www.stages-gestalt.fr\/index.php?rest_route=%2Fwp%2Fv2%2Fcomments&post=33"}],"version-history":[{"count":33,"href":"http:\/\/www.stages-gestalt.fr\/index.php?rest_route=\/wp\/v2\/pages\/33\/revisions"}],"predecessor-version":[{"id":512,"href":"http:\/\/www.stages-gestalt.fr\/index.php?rest_route=\/wp\/v2\/pages\/33\/revisions\/512"}],"wp:attachment":[{"href":"http:\/\/www.stages-gestalt.fr\/index.php?rest_route=%2Fwp%2Fv2%2Fmedia&parent=33"}],"curies":[{"name":"wp","href":"https:\/\/api.w.org\/{rel}","templated":true}]}}